{"id":31,"date":"2016-01-24T08:38:33","date_gmt":"2016-01-24T08:38:33","guid":{"rendered":"http:\/\/www.kettenblatt.de\/wordpress\/?page_id=31"},"modified":"2019-09-30T13:39:04","modified_gmt":"2019-09-30T13:39:04","slug":"training","status":"publish","type":"page","link":"http:\/\/mtb-dorf-erbach.de\/?page_id=31","title":{"rendered":"Training"},"content":{"rendered":"<p>Treffpunkt f\u00fcr Touren und das Techniktraining ist das Dorfgemeinschaftshaus in Dorf-Erbach.<\/p>\n<p>Sommertraining zwischen Osterferien und Herbstferien.<br \/>\nWintertraining zwischen Herbstferien und Osterferien.<\/p>\n<hr>\n<p><strong>Touren f\u00fcr Kinder<\/strong><br \/>\nSommer: Montags ab 18.00 Uhr<br \/>\nWinter: Samstags ab 14:00 Uhr<\/p>\n<p>Hier unternehmen die Kleinen gef\u00fchrte Touren rund um den Dorf-Erbacher Wald. Nach Alter und St\u00e4rkewerden kleine Gruppen eingeteilt.&nbsp; Dauer ca. 1 bis 2 Stunden.<\/p>\n<hr>\n<p><strong>Touren f\u00fcr Erwachsene<br \/>\n<\/strong>Sommer: Montags ab 18:00 Uhr<br \/>\nWinter: Samstags ab 14:00 Uhr<\/p>\n<p>Gemeinsam mit den Kindern starten die Erwachsenen, auch hier gibt es verschiedene Gruppen, je nach St\u00e4rke.&nbsp; P\u00fcnktlich zum Einbruch der Dunkelheit sind wir wieder zur\u00fcck.<\/p>\n<hr>\n<p><strong>Techniktraining<br \/>\n<\/strong>Sommer: Freitags 18:00 bis 19:00 Uhr<br \/>\nWinter: Samstags 14:00 bis 16:00 Uhr (mit den Touren gekoppelt)<\/p>\n<p>Beim Techniktraining lernt Ihr Euer Fahrrad auch in extremen Situationen zu beherrschen. Wichtig f\u00fcr jedes Rennen!<\/p>\n","protected":false},"excerpt":{"rendered":"<p>Treffpunkt f\u00fcr Touren und das Techniktraining ist das Dorfgemeinschaftshaus in Dorf-Erbach. Sommertraining zwischen Osterferien und Herbstferien. Wintertraining zwischen Herbstferien und Osterferien. Touren f\u00fcr Kinder Sommer: Montags ab 18.00 Uhr Winter: Samstags ab 14:00 Uhr Hier unternehmen die Kleinen gef\u00fchrte Touren rund um den Dorf-Erbacher Wald. Nach Alter und St\u00e4rkewerden kleine Gruppen eingeteilt.&nbsp; Dauer ca. 1 &hellip; <a href=\"http:\/\/mtb-dorf-erbach.de\/?page_id=31\" class=\"more-link\"><span class=\"screen-reader-text\">\u201eTraining\u201c <\/span>weiterlesen<\/a><\/p>\n","protected":false},"author":1,"featured_media":0,"parent":0,"menu_order":0,"comment_status":"closed","ping_status":"closed","template":"","meta":{"_monsterinsights_skip_tracking":false,"_monsterinsights_sitenote_active":false,"_monsterinsights_sitenote_note":"","_monsterinsights_sitenote_category":0,"footnotes":""},"class_list":["post-31","page","type-page","status-publish","hentry"],"aioseo_notices":[],"_links":{"self":[{"href":"http:\/\/mtb-dorf-erbach.de\/index.php?rest_route=\/wp\/v2\/pages\/31","targetHints":{"allow":["GET"]}}],"collection":[{"href":"http:\/\/mtb-dorf-erbach.de\/index.php?rest_route=\/wp\/v2\/pages"}],"about":[{"href":"http:\/\/mtb-dorf-erbach.de\/index.php?rest_route=\/wp\/v2\/types\/page"}],"author":[{"embeddable":true,"href":"http:\/\/mtb-dorf-erbach.de\/index.php?rest_route=\/wp\/v2\/users\/1"}],"replies":[{"embeddable":true,"href":"http:\/\/mtb-dorf-erbach.de\/index.php?rest_route=%2Fwp%2Fv2%2Fcomments&post=31"}],"version-history":[{"count":2,"href":"http:\/\/mtb-dorf-erbach.de\/index.php?rest_route=\/wp\/v2\/pages\/31\/revisions"}],"predecessor-version":[{"id":656,"href":"http:\/\/mtb-dorf-erbach.de\/index.php?rest_route=\/wp\/v2\/pages\/31\/revisions\/656"}],"wp:attachment":[{"href":"http:\/\/mtb-dorf-erbach.de\/index.php?rest_route=%2Fwp%2Fv2%2Fmedia&parent=31"}],"curies":[{"name":"wp","href":"https:\/\/api.w.org\/{rel}","templated":true}]}}